{"id":55,"date":"2018-02-21T04:37:54","date_gmt":"2018-02-21T03:37:54","guid":{"rendered":"http:\/\/www.kksforst.de\/?page_id=55"},"modified":"2024-07-12T12:00:58","modified_gmt":"2024-07-12T10:00:58","slug":"gaststaette","status":"publish","type":"page","link":"https:\/\/www.kks-forst.de\/?page_id=55","title":{"rendered":"Gastst\u00e4tte"},"content":{"rendered":"<p style=\"text-align: center;\"><strong>Deutsch\/Kroatische K\u00fcche<\/strong><\/p>\n<p style=\"text-align: center;\">Herr Domagoj Penava und sein Team freuen sich einen hervorragenden Abholservice anbieten zu k\u00f6nnen.<\/p>\n<p style=\"text-align: center;\">Die frisch zubereiteten Speisen k\u00f6nnen unter der <strong>Telefon Nr. 07251\/18999<\/strong> bestellt werden.<\/p>\n<h5>\u00d6ffnungszeiten:<img loading=\"lazy\" decoding=\"async\" class=\"alignright size-medium wp-image-95\" src=\"http:\/\/www.kksforst.de\/wp-content\/uploads\/2018\/02\/schuetzenhaus-300x270.jpg\" alt=\"\" width=\"300\" height=\"270\" srcset=\"https:\/\/www.kks-forst.de\/wp-content\/uploads\/2018\/02\/schuetzenhaus-300x270.jpg 300w, https:\/\/www.kks-forst.de\/wp-content\/uploads\/2018\/02\/schuetzenhaus.jpg 500w\" sizes=\"auto, (max-width: 300px) 100vw, 300px\" \/><\/h5>\n<table style=\"height: 118px; width: 476px; border: 0px #ffffff;\" width=\"350\" cellspacing=\"0\" cellpadding=\"0\">\n<tbody>\n<tr>\n<td>Dienstag bis Freitag:<\/td>\n<td>11:00 &#8211; 15:00 und 17:00 &#8211; 22:00<\/td>\n<\/tr>\n<tr>\n<td>Samstag und Sonntag:<\/td>\n<td>11:00 &#8211; 22:00<\/td>\n<\/tr>\n<tr>\n<td>Montag:<\/td>\n<td>Ruhetag<\/td>\n<\/tr>\n<\/tbody>\n<\/table>\n<h5>\u00a0<\/h5>\n<h5 style=\"text-align: left;\">Adresse:<\/h5>\n<p style=\"text-align: left;\"><a href=\"http:\/\/www.kksforst.de\/?page_id=52\">In der Heide 1<br \/>76694 Forst<br \/>(neben dem Freizeitzentrum Heidesee)<\/a><\/p>\n<p style=\"text-align: left;\">Tel.:\u00a0\u00a0\u00a0 07251 \/ 18999<\/p>\n\n\n<div data-wp-interactive=\"core\/file\" class=\"wp-block-file\"><object data-wp-bind--hidden=\"!state.hasPdfPreview\" hidden class=\"wp-block-file__embed\" data=\"https:\/\/www.kks-forst.de\/wp-content\/uploads\/2024\/07\/Speisekarte.pdf\" type=\"application\/pdf\" style=\"width:100%;height:600px\" aria-label=\"Einbettung von Speisekarte.\"><\/object><a id=\"wp-block-file--media-c73dad43-667c-42c6-ae88-4c3fed903a77\" href=\"https:\/\/www.kks-forst.de\/wp-content\/uploads\/2024\/07\/Speisekarte.pdf\">Speisekarte<\/a><a href=\"https:\/\/www.kks-forst.de\/wp-content\/uploads\/2024\/07\/Speisekarte.pdf\" class=\"wp-block-file__button wp-element-button\" download aria-describedby=\"wp-block-file--media-c73dad43-667c-42c6-ae88-4c3fed903a77\">Herunterladen<\/a><\/div>\n\n\n\n<figure class=\"wp-block-gallery has-nested-images columns-default is-cropped wp-block-gallery-1 is-layout-flex wp-block-gallery-is-layout-flex\"><\/figure>\n\n\n\n<figure class=\"wp-block-gallery has-nested-images columns-default is-cropped wp-block-gallery-2 is-layout-flex wp-block-gallery-is-layout-flex\">\n<figure class=\"wp-block-image size-large\"><img loading=\"lazy\" decoding=\"async\" width=\"1024\" height=\"768\" data-id=\"411\" src=\"https:\/\/www.kks-forst.de\/wp-content\/uploads\/2021\/04\/20210326_143308-1-1024x768.jpg\" alt=\"\" class=\"wp-image-411\" srcset=\"https:\/\/www.kks-forst.de\/wp-content\/uploads\/2021\/04\/20210326_143308-1-1024x768.jpg 1024w, https:\/\/www.kks-forst.de\/wp-content\/uploads\/2021\/04\/20210326_143308-1-300x225.jpg 300w, https:\/\/www.kks-forst.de\/wp-content\/uploads\/2021\/04\/20210326_143308-1-768x576.jpg 768w, https:\/\/www.kks-forst.de\/wp-content\/uploads\/2021\/04\/20210326_143308-1-1536x1152.jpg 1536w, https:\/\/www.kks-forst.de\/wp-content\/uploads\/2021\/04\/20210326_143308-1-2048x1536.jpg 2048w\" sizes=\"auto, (max-width: 1024px) 100vw, 1024px\" \/><\/figure>\n\n\n\n<figure class=\"wp-block-image size-large\"><img loading=\"lazy\" decoding=\"async\" width=\"1024\" height=\"768\" data-id=\"412\" src=\"https:\/\/www.kks-forst.de\/wp-content\/uploads\/2021\/04\/20210326_143321-1-1024x768.jpg\" alt=\"\" class=\"wp-image-412\" srcset=\"https:\/\/www.kks-forst.de\/wp-content\/uploads\/2021\/04\/20210326_143321-1-1024x768.jpg 1024w, https:\/\/www.kks-forst.de\/wp-content\/uploads\/2021\/04\/20210326_143321-1-300x225.jpg 300w, https:\/\/www.kks-forst.de\/wp-content\/uploads\/2021\/04\/20210326_143321-1-768x576.jpg 768w, https:\/\/www.kks-forst.de\/wp-content\/uploads\/2021\/04\/20210326_143321-1-1536x1152.jpg 1536w, https:\/\/www.kks-forst.de\/wp-content\/uploads\/2021\/04\/20210326_143321-1-2048x1536.jpg 2048w\" sizes=\"auto, (max-width: 1024px) 100vw, 1024px\" \/><\/figure>\n<\/figure>\n\n\n\n<figure class=\"wp-block-gallery has-nested-images columns-default is-cropped wp-block-gallery-3 is-layout-flex wp-block-gallery-is-layout-flex\">\n<figure class=\"wp-block-image size-large\"><img loading=\"lazy\" decoding=\"async\" width=\"768\" height=\"1024\" data-id=\"403\" src=\"https:\/\/www.kks-forst.de\/wp-content\/uploads\/2021\/04\/IMG-20210326-WA0019.jpg\" alt=\"\" class=\"wp-image-403\" srcset=\"https:\/\/www.kks-forst.de\/wp-content\/uploads\/2021\/04\/IMG-20210326-WA0019.jpg 768w, https:\/\/www.kks-forst.de\/wp-content\/uploads\/2021\/04\/IMG-20210326-WA0019-225x300.jpg 225w\" sizes=\"auto, (max-width: 768px) 100vw, 768px\" \/><\/figure>\n\n\n\n<figure class=\"wp-block-image size-large\"><img loading=\"lazy\" decoding=\"async\" width=\"768\" height=\"1024\" data-id=\"404\" src=\"https:\/\/www.kks-forst.de\/wp-content\/uploads\/2021\/04\/IMG-20210326-WA0020.jpg\" alt=\"\" class=\"wp-image-404\" srcset=\"https:\/\/www.kks-forst.de\/wp-content\/uploads\/2021\/04\/IMG-20210326-WA0020.jpg 768w, https:\/\/www.kks-forst.de\/wp-content\/uploads\/2021\/04\/IMG-20210326-WA0020-225x300.jpg 225w\" sizes=\"auto, (max-width: 768px) 100vw, 768px\" \/><\/figure>\n\n\n\n<figure class=\"wp-block-image size-large\"><img loading=\"lazy\" decoding=\"async\" width=\"768\" height=\"1024\" data-id=\"405\" src=\"https:\/\/www.kks-forst.de\/wp-content\/uploads\/2021\/04\/IMG-20210326-WA0021.jpg\" alt=\"\" class=\"wp-image-405\" srcset=\"https:\/\/www.kks-forst.de\/wp-content\/uploads\/2021\/04\/IMG-20210326-WA0021.jpg 768w, https:\/\/www.kks-forst.de\/wp-content\/uploads\/2021\/04\/IMG-20210326-WA0021-225x300.jpg 225w\" sizes=\"auto, (max-width: 768px) 100vw, 768px\" \/><\/figure>\n\n\n\n<figure class=\"wp-block-image size-large\"><img loading=\"lazy\" decoding=\"async\" width=\"768\" height=\"1024\" data-id=\"406\" src=\"https:\/\/www.kks-forst.de\/wp-content\/uploads\/2021\/04\/IMG-20210326-WA0022.jpg\" alt=\"\" class=\"wp-image-406\" srcset=\"https:\/\/www.kks-forst.de\/wp-content\/uploads\/2021\/04\/IMG-20210326-WA0022.jpg 768w, https:\/\/www.kks-forst.de\/wp-content\/uploads\/2021\/04\/IMG-20210326-WA0022-225x300.jpg 225w\" sizes=\"auto, (max-width: 768px) 100vw, 768px\" \/><\/figure>\n\n\n\n<figure class=\"wp-block-image size-large\"><img loading=\"lazy\" decoding=\"async\" width=\"768\" height=\"1024\" data-id=\"407\" src=\"https:\/\/www.kks-forst.de\/wp-content\/uploads\/2021\/04\/IMG-20210326-WA0023.jpg\" alt=\"\" class=\"wp-image-407\" srcset=\"https:\/\/www.kks-forst.de\/wp-content\/uploads\/2021\/04\/IMG-20210326-WA0023.jpg 768w, https:\/\/www.kks-forst.de\/wp-content\/uploads\/2021\/04\/IMG-20210326-WA0023-225x300.jpg 225w\" sizes=\"auto, (max-width: 768px) 100vw, 768px\" \/><\/figure>\n\n\n\n<figure class=\"wp-block-image size-large\"><img loading=\"lazy\" decoding=\"async\" width=\"768\" height=\"1024\" data-id=\"408\" src=\"https:\/\/www.kks-forst.de\/wp-content\/uploads\/2021\/04\/IMG-20210326-WA0024.jpg\" alt=\"\" class=\"wp-image-408\" srcset=\"https:\/\/www.kks-forst.de\/wp-content\/uploads\/2021\/04\/IMG-20210326-WA0024.jpg 768w, https:\/\/www.kks-forst.de\/wp-content\/uploads\/2021\/04\/IMG-20210326-WA0024-225x300.jpg 225w\" sizes=\"auto, (max-width: 768px) 100vw, 768px\" \/><\/figure>\n\n\n\n<figure class=\"wp-block-image size-large\"><img loading=\"lazy\" decoding=\"async\" width=\"768\" height=\"1024\" data-id=\"409\" src=\"https:\/\/www.kks-forst.de\/wp-content\/uploads\/2021\/04\/IMG-20210326-WA0025.jpg\" alt=\"\" class=\"wp-image-409\" srcset=\"https:\/\/www.kks-forst.de\/wp-content\/uploads\/2021\/04\/IMG-20210326-WA0025.jpg 768w, https:\/\/www.kks-forst.de\/wp-content\/uploads\/2021\/04\/IMG-20210326-WA0025-225x300.jpg 225w\" sizes=\"auto, (max-width: 768px) 100vw, 768px\" \/><\/figure>\n\n\n\n<figure class=\"wp-block-image size-large\"><img loading=\"lazy\" decoding=\"async\" width=\"768\" height=\"1024\" data-id=\"410\" src=\"https:\/\/www.kks-forst.de\/wp-content\/uploads\/2021\/04\/IMG-20210326-WA0026.jpg\" alt=\"\" class=\"wp-image-410\" srcset=\"https:\/\/www.kks-forst.de\/wp-content\/uploads\/2021\/04\/IMG-20210326-WA0026.jpg 768w, https:\/\/www.kks-forst.de\/wp-content\/uploads\/2021\/04\/IMG-20210326-WA0026-225x300.jpg 225w\" sizes=\"auto, (max-width: 768px) 100vw, 768px\" \/><\/figure>\n<\/figure>\n","protected":false},"excerpt":{"rendered":"<p>Deutsch\/Kroatische K\u00fcche Herr Domagoj Penava und sein Team freuen sich einen hervorragenden Abholservice anbieten zu k\u00f6nnen. Die frisch zubereiteten Speisen k\u00f6nnen unter der Telefon Nr. 07251\/18999 bestellt werden. \u00d6ffnungszeiten: Dienstag bis Freitag: 11:00 &#8211; 15:00 und 17:00 &#8211; 22:00 Samstag und Sonntag: 11:00 &#8211; 22:00 Montag: Ruhetag \u00a0 Adresse: In der Heide 176694 Forst(neben dem Freizeitzentrum Heidesee) Tel.:\u00a0\u00a0\u00a0 07251 \/<\/p>\n","protected":false},"author":1,"featured_media":0,"parent":0,"menu_order":0,"comment_status":"closed","ping_status":"closed","template":"","meta":{"footnotes":""},"class_list":["post-55","page","type-page","status-publish","hentry"],"_links":{"self":[{"href":"https:\/\/www.kks-forst.de\/index.php?rest_route=\/wp\/v2\/pages\/55","targetHints":{"allow":["GET"]}}],"collection":[{"href":"https:\/\/www.kks-forst.de\/index.php?rest_route=\/wp\/v2\/pages"}],"about":[{"href":"https:\/\/www.kks-forst.de\/index.php?rest_route=\/wp\/v2\/types\/page"}],"author":[{"embeddable":true,"href":"https:\/\/www.kks-forst.de\/index.php?rest_route=\/wp\/v2\/users\/1"}],"replies":[{"embeddable":true,"href":"https:\/\/www.kks-forst.de\/index.php?rest_route=%2Fwp%2Fv2%2Fcomments&post=55"}],"version-history":[{"count":12,"href":"https:\/\/www.kks-forst.de\/index.php?rest_route=\/wp\/v2\/pages\/55\/revisions"}],"predecessor-version":[{"id":1212,"href":"https:\/\/www.kks-forst.de\/index.php?rest_route=\/wp\/v2\/pages\/55\/revisions\/1212"}],"wp:attachment":[{"href":"https:\/\/www.kks-forst.de\/index.php?rest_route=%2Fwp%2Fv2%2Fmedia&parent=55"}],"curies":[{"name":"wp","href":"https:\/\/api.w.org\/{rel}","templated":true}]}}