{"id":49,"date":"2018-02-21T04:34:07","date_gmt":"2018-02-21T03:34:07","guid":{"rendered":"http:\/\/www.kksforst.de\/?page_id=49"},"modified":"2022-06-09T10:06:53","modified_gmt":"2022-06-09T08:06:53","slug":"ansprechpartner","status":"publish","type":"page","link":"https:\/\/www.kks-forst.de\/?page_id=49","title":{"rendered":"Ansprechpartner"},"content":{"rendered":"<table style=\"height: 819px; border: 0px;\" border=\"0\" width=\"830\">\n<tbody>\n<tr style=\"line-height: 55px;\">\n<td>\n<div class=\"vs_text\">Vorstand und<\/div>\n<div class=\"vs_text\">Obersch\u00fctzenmeister<\/div>\n<\/td>\n<td>\n<h3>Georg Schneider<\/h3>\n<\/td>\n<td>0172\/7254359<a href=\"mailto:kk-schuetzenverein@schneiderg.de\">kk-schuetzenverein@schneiderg.de<\/a><\/td>\n<\/tr>\n<tr style=\"line-height: 55px;\">\n<td>\n<div class=\"vs_text\">2. Vorstand<\/div>\n<\/td>\n<td>\n<h3>Rainer Huber<\/h3>\n<\/td>\n<td><a href=\"mailto:mail@kks-forst.de\">mail@kks-forst.de<\/a><\/td>\n<\/tr>\n<tr style=\"line-height: 55px;\">\n<td>\n<div class=\"vs_text\">Kassier<\/div>\n<\/td>\n<td>\n<h3>Inge Gamsriegler<\/h3>\n<\/td>\n<td><\/td>\n<\/tr>\n<tr style=\"line-height: 55px;\">\n<td>\n<p class=\"vs_text\">Schriftf\u00fchrer<\/p>\n<\/td>\n<td>\n<h3>Thomas Tietz<\/h3>\n<\/td>\n<td><\/td>\n<\/tr>\n<tr style=\"line-height: 55px;\">\n<td>\n<div class=\"vs_text\">Schie\u00dfleiter<\/div>\n<\/td>\n<td>\n<h3>Andreas Speckert<\/h3>\n<\/td>\n<td><\/td>\n<\/tr>\n<tr style=\"line-height: 55px;\">\n<td>\n<div class=\"vs_text\">Bogenreferent<\/div>\n<\/td>\n<td><\/td>\n<td><\/td>\n<\/tr>\n<tr style=\"line-height: 55px;\">\n<td>\n<div class=\"vs_text\">Rundenkampfleiter<\/div>\n<\/td>\n<td>\n<h3>Stefan Sch\u00e4ufele<\/h3>\n<\/td>\n<td><\/td>\n<\/tr>\n<tr style=\"line-height: 55px;\">\n<td>\n<div class=\"vs_text\">Jugendleiter<\/div>\n<\/td>\n<td>\n<h3>Matthias Huber<\/h3>\n<\/td>\n<td><\/td>\n<\/tr>\n<tr style=\"line-height: 55px;\">\n<td>\n<div class=\"vs_text\">Schwarzpulverreferent<\/div>\n<\/td>\n<td>\n<h3>Wolfgang Herrmann<\/h3>\n<\/td>\n<td><\/td>\n<\/tr>\n<\/tbody>\n<\/table>\n","protected":false},"excerpt":{"rendered":"<p>Vorstand und Obersch\u00fctzenmeister Georg Schneider 0172\/7254359kk-schuetzenverein@schneiderg.de 2. Vorstand Rainer Huber mail@kks-forst.de Kassier Inge Gamsriegler Schriftf\u00fchrer Thomas Tietz Schie\u00dfleiter Andreas Speckert Bogenreferent Rundenkampfleiter Stefan Sch\u00e4ufele Jugendleiter Matthias Huber Schwarzpulverreferent Wolfgang Herrmann<\/p>\n","protected":false},"author":1,"featured_media":0,"parent":0,"menu_order":0,"comment_status":"closed","ping_status":"closed","template":"","meta":{"footnotes":""},"class_list":["post-49","page","type-page","status-publish","hentry"],"_links":{"self":[{"href":"https:\/\/www.kks-forst.de\/index.php?rest_route=\/wp\/v2\/pages\/49","targetHints":{"allow":["GET"]}}],"collection":[{"href":"https:\/\/www.kks-forst.de\/index.php?rest_route=\/wp\/v2\/pages"}],"about":[{"href":"https:\/\/www.kks-forst.de\/index.php?rest_route=\/wp\/v2\/types\/page"}],"author":[{"embeddable":true,"href":"https:\/\/www.kks-forst.de\/index.php?rest_route=\/wp\/v2\/users\/1"}],"replies":[{"embeddable":true,"href":"https:\/\/www.kks-forst.de\/index.php?rest_route=%2Fwp%2Fv2%2Fcomments&post=49"}],"version-history":[{"count":2,"href":"https:\/\/www.kks-forst.de\/index.php?rest_route=\/wp\/v2\/pages\/49\/revisions"}],"predecessor-version":[{"id":430,"href":"https:\/\/www.kks-forst.de\/index.php?rest_route=\/wp\/v2\/pages\/49\/revisions\/430"}],"wp:attachment":[{"href":"https:\/\/www.kks-forst.de\/index.php?rest_route=%2Fwp%2Fv2%2Fmedia&parent=49"}],"curies":[{"name":"wp","href":"https:\/\/api.w.org\/{rel}","templated":true}]}}