{"id":37,"date":"2018-02-21T04:32:49","date_gmt":"2018-02-21T03:32:49","guid":{"rendered":"http:\/\/www.kksforst.de\/?page_id=37"},"modified":"2024-12-19T10:33:19","modified_gmt":"2024-12-19T09:33:19","slug":"bogensport","status":"publish","type":"page","link":"https:\/\/www.kks-forst.de\/?page_id=37","title":{"rendered":"Bogensport"},"content":{"rendered":"\n<p><strong>Traditionelles Bogenschie\u00dfen<\/strong><\/p>\n\n\n\n<p>Das\nBogenschie\u00dfen mit seiner traditionellen Form fasziniert Menschen schon seit hunderten\nvon Jahren. <\/p>\n\n\n\n<p>Bei uns im\nVerein wird meistens das <a href=\"https:\/\/de.wikipedia.org\/wiki\/Traditionelles_Bogenschie%C3%9Fen\">traditionelle\nBogenschie\u00dfen<\/a> ausge\u00fcbt. Beim\ntraditionellen Bogenschie\u00dfen werden ausschlie\u00dflich Blankb\u00f6gen benutzt. Das sind\nB\u00f6gen ohne technische Hilfsmittel wie Zielvorrichtungen oder Stabilisatoren. Dieses\ntraditionelle Bogenschie\u00dfen wird auch als instinktives oder intuitives\nBogenschie\u00dfen bezeichnet. <\/p>\n\n\n\n<p>Das Blankbogenschie\u00dfen\nwird auch viel in der freien Natur, z.B. im Wald auf einem 3D Parcours\nausge\u00fcbt. Dabei wird auf ein Gummitier, Fabelwesen geschossen das auf\nEntfernungen zwischen 5 und 50 Metern steht. <\/p>\n\n\n\n<p>In der Halle\nwird auf eine Entfernung von 18 Metern auf Zielscheiben geschossen, wobei die\nAltersunterschiede durch unterschiedlich Gr\u00f6\u00dfe der Scheiben (Auflagen)\nausgeglichen werden. <\/p>\n\n\n\n<p><strong>Wissenswertes rund um den\nBogensport<\/strong><\/p>\n\n\n\n<p>Das heutige\nInteresse gilt allerdings fast ausschlie\u00dflich dem sportlichen Aspekt.\nBogenschie\u00dfen vereint Seele und Geist, \u00fcbt und f\u00f6rdert die Konzentration.<\/p>\n\n\n\n<p>Durch die\nben\u00f6tigte K\u00f6rperspannung beim Schuss werden s\u00e4mtliche Muskeln des K\u00f6rpers\nbeansprucht und trainiert<\/p>\n\n\n\n<p>Wegen des\nverst\u00e4rkten Einsatzes und Aufbaus der R\u00fccken- und Schultermuskulatur k\u00f6nnen\nR\u00fcckenschmerzen sowie Haltungssch\u00e4den vorgebeugt oder gemindert werden. Aus\ndiesen Gr\u00fcnden wird das Bogenschie\u00dfen immer mehr auch von Physiotherapeuten und\nOrthop\u00e4den empfohlen. Es wird sogar von einigen Krankenkassen als R\u00fcckenschule\nund Muskeltherapie durch Krankenkassen gef\u00f6rdert. <\/p>\n\n\n\n<p>Da es beim\nBogensport keine Altersbegrenzung gibt, ist diese Sportart f\u00fcr Jung und Alt\ngleicherma\u00dfen geeignet. Bogensport ist eine Familiensportart, da Sch\u00fctzinnen\nund Sch\u00fctzen jeden Alters bei Meisterschaften zusammen schie\u00dfen und sich in\nverschiedenen Klassen messen.<\/p>\n\n\n\n<p>Nicht\nzuletzt deshalb erfreut sich diese Art des sportlichen Schie\u00dfens einer immer\ngr\u00f6\u00dfer werdenden Beliebtheit. Auch bei Kindern und Jugendlichen kommt diese\n&#8222;neue&#8220; Sportart sehr gut an und ist zudem auch noch sinnvoll.<\/p>\n","protected":false},"excerpt":{"rendered":"<p>Traditionelles Bogenschie\u00dfen Das Bogenschie\u00dfen mit seiner traditionellen Form fasziniert Menschen schon seit hunderten von Jahren. Bei uns im Verein wird meistens das traditionelle Bogenschie\u00dfen ausge\u00fcbt. Beim traditionellen Bogenschie\u00dfen werden ausschlie\u00dflich Blankb\u00f6gen benutzt. Das sind B\u00f6gen ohne technische Hilfsmittel wie Zielvorrichtungen oder Stabilisatoren. Dieses traditionelle Bogenschie\u00dfen wird auch als instinktives oder intuitives Bogenschie\u00dfen bezeichnet. Das Blankbogenschie\u00dfen wird auch viel in der<\/p>\n","protected":false},"author":1,"featured_media":0,"parent":0,"menu_order":0,"comment_status":"closed","ping_status":"closed","template":"","meta":{"footnotes":""},"class_list":["post-37","page","type-page","status-publish","hentry"],"_links":{"self":[{"href":"https:\/\/www.kks-forst.de\/index.php?rest_route=\/wp\/v2\/pages\/37","targetHints":{"allow":["GET"]}}],"collection":[{"href":"https:\/\/www.kks-forst.de\/index.php?rest_route=\/wp\/v2\/pages"}],"about":[{"href":"https:\/\/www.kks-forst.de\/index.php?rest_route=\/wp\/v2\/types\/page"}],"author":[{"embeddable":true,"href":"https:\/\/www.kks-forst.de\/index.php?rest_route=\/wp\/v2\/users\/1"}],"replies":[{"embeddable":true,"href":"https:\/\/www.kks-forst.de\/index.php?rest_route=%2Fwp%2Fv2%2Fcomments&post=37"}],"version-history":[{"count":1,"href":"https:\/\/www.kks-forst.de\/index.php?rest_route=\/wp\/v2\/pages\/37\/revisions"}],"predecessor-version":[{"id":1220,"href":"https:\/\/www.kks-forst.de\/index.php?rest_route=\/wp\/v2\/pages\/37\/revisions\/1220"}],"wp:attachment":[{"href":"https:\/\/www.kks-forst.de\/index.php?rest_route=%2Fwp%2Fv2%2Fmedia&parent=37"}],"curies":[{"name":"wp","href":"https:\/\/api.w.org\/{rel}","templated":true}]}}