{"id":110,"date":"2018-02-21T17:58:54","date_gmt":"2018-02-21T16:58:54","guid":{"rendered":"http:\/\/www.kksforst.de\/?page_id=110"},"modified":"2025-01-02T12:41:24","modified_gmt":"2025-01-02T11:41:24","slug":"news","status":"publish","type":"page","link":"https:\/\/www.kks-forst.de\/?page_id=110","title":{"rendered":"News"},"content":{"rendered":"\n<p><strong>Termine 2025<\/strong><\/p>\n\n\n\n<p><strong>Neujahrschie\u00dfen 2025<\/strong><\/p>\n\n\n\n<p>01.01.2025 um 17.00 Uhr schie\u00dfen die B\u00f6llersch\u00fctzen am J\u00e4gerhaus in<\/p>\n\n\n\n<p>der Schwanenstr. in Forst einen Ehrensalut auf die Gemeinde Forst zum Neuen Jahr.<\/p>\n\n\n\n<p>Die B\u00f6llersch\u00fctzen werden von 6 Fackeltr\u00e4gerinnen begleitet.<\/p>\n\n\n\n<p>\u00dcber einen guten Zuspruch w\u00fcrden wir uns gemeinsam mit dem Heimat- und Kulturverein freuen.<\/p>\n\n\n\n<p><strong>Brezelschie\u00dfen 2025<\/strong><\/p>\n\n\n\n<p>Am 06.01.2025 von 10.00 bis 12.00 Uhr veranstalten wir als 1. Wettbewerb des neuen Jahres unser<\/p>\n\n\n\n<p>Brezelschie\u00dfen. Und dieses als \u00e4ltesten Wettbewerb unseres Vereins zum 71. Mal.<\/p>\n\n\n\n<p>Aus Platzgr\u00fcnden findet die komplette Veranstaltung in unserer Sporthalle statt.<\/p>\n\n\n\n<p><strong>Kreisehrenabend<\/strong><\/p>\n\n\n\n<p>Am &nbsp;Samstag den 18.01.2025 um 19.00 Uhr findet der Kreisehrenabend im der Waldseehalle im<\/p>\n\n\n\n<p>Alex-Huber-Forum statt. Hierzu folgt in der n\u00e4chsten Woche noch eine weitere Information.<\/p>\n\n\n\n<p><strong>Jahreshauptversammlung 2025<\/strong><\/p>\n\n\n\n<p>Unsere diesj\u00e4hrige Jahreshauptversammlung ist am Freitag den 14.03.2025 im 19.00 Uhr<\/p>\n\n\n\n<p>im Forster Sch\u00fctzenhaus.<\/p>\n\n\n\n<p><strong>Osterschie\u00dfen 2025<\/strong><\/p>\n\n\n\n<p>Das Osterschie\u00dfen ist am Ostermontag 21.04.2025 in der Zeit von 10.00 Uhr bis 12.00 Uhr<\/p>\n\n\n\n<p><strong>Heideseetriathlon 2025<\/strong><\/p>\n\n\n\n<p>Am Samstag den 10.05.2025 und Sonntag den 11.05.2025 dienen wir wieder als Logistikzentrum f\u00fcr<\/p>\n\n\n\n<p>Den Heideseetriathlon des Forster Turnvereins.<\/p>\n\n\n\n<p><strong>Maibaum 2025<\/strong><\/p>\n\n\n\n<p>Auch f\u00fcr das Jahr 2025 haben wir die Federf\u00fchrung f\u00fcr das Aufstellen des Forster Maibaums \u00fcbernommen.<\/p>\n\n\n\n<p>Die Baumstellung durch die ARGE erfolgt am Mittwoch 30.04.2025 um 18.00 auf dem Kirchplatz.<\/p>\n\n\n\n<p><strong>Forster Kirmes 2025<\/strong><\/p>\n\n\n\n<p>Die Forster Kirmes findet vom 19.07. bis 20.07.2025 beim Waldsee statt. Wir werden uns wieder mit dem<\/p>\n\n\n\n<p>Lichtgewehr H\u00e4nger des SK 11 beteiligen. Weitere Infos folgen.<\/p>\n\n\n\n<p><strong>Ortsmeisterschaft der Ortsvereine<\/strong><\/p>\n\n\n\n<p>Unsere Ortsmeisterschaft startet am Samstag den 26.07.2025 und Sonntag den 27.02.2025.<\/p>\n\n\n\n<p>Siegerehrung am Sonntag den 27.07.2025 um 18.00 Uhr.<\/p>\n\n\n\n<p><strong>Oktoberfest 2025<\/strong><\/p>\n\n\n\n<p>Unser Oktoberfest 2025 haben wir auf Freitag den 10.10.2025 ab 18.00 Uhr festgelegt.<\/p>\n\n\n\n<p><strong>K\u00f6nigsfeier 2025<\/strong><\/p>\n\n\n\n<p>Unsere K\u00f6nigsfeier 2025 haben wir auf Samstag den 22.11.2025 Beginn 19.00 Uhr festgelegt.<\/p>\n\n\n\n<p><strong>Patrozinium<\/strong><\/p>\n\n\n\n<p>Der Jahreskreis schlie\u00dft sich mit dem Patrozinium von Gemeinde und Pfarrgemeinde<\/p>\n\n\n\n<p>am Sonntag den 30.11.2025<\/p>\n\n\n\n<p><strong>Jahresschluss 2024<\/strong><\/p>\n\n\n\n<p><strong>Neujahrschie\u00dfen<\/strong><\/p>\n\n\n\n<p>Zum Jahresschluss wollen wir gleich die ersten Termine f\u00fcr das neue Jahr 2025 bekanntgeben. Die B\u00f6llersch\u00fctzen, begleitet von Fackeltr\u00e4gerinnen unseres Vereins, bringen am <strong>01.Januar 2025 um 17:00 Uhr am J\u00e4gerhaus<\/strong> einen Ehrensalut zum neuen Jahr f\u00fcr die Gemeinde und die Forster Einwohner. Unterst\u00fctzt werden wir dabei vom Heimat- und Kulturverein welcher zu diesem Zweck die J\u00e4gerscheune ge\u00f6ffnet hat.<\/p>\n\n\n\n<p><strong>Brezelschie\u00dfen<\/strong><\/p>\n\n\n\n<p>Am <strong>06.01.2025<\/strong> schie\u00dfen die Sch\u00fctzen ihren \u00e4ltesten Traditionswettbewerb. Das Schie\u00dfen um die Neujahrsbrezel wird im Jahr 2025 zum 71. Mal in der Geschichte des Sch\u00fctzenvereins ausgetragen. Geschossen wird mit Luftgewehr und Luftpistole in der Zeit von 10.00 Uhr bis 12.00 Uhr auf Gl\u00fcckscheiben. Es w\u00e4re w\u00fcnschenswert, wenn sich m\u00f6glichst viele unserer Mitglieder beteiligen w\u00fcrden<\/p>\n\n\n\n<p>Zum <strong>Jahreswechsel<\/strong> w\u00fcnschen wir allen Mitgliedern, Freunden, G\u00f6nnern und ihren Familien ein gesegnetes Weihnachtsfest und die besten W\u00fcnsche f\u00fcr das neue Jahr 2025<\/p>\n\n\n\n<figure class=\"wp-block-image size-full\"><img loading=\"lazy\" decoding=\"async\" width=\"1024\" height=\"576\" src=\"https:\/\/www.kks-forst.de\/wp-content\/uploads\/2024\/12\/IMG-20241216-WA0003.jpg\" alt=\"\" class=\"wp-image-1224\" srcset=\"https:\/\/www.kks-forst.de\/wp-content\/uploads\/2024\/12\/IMG-20241216-WA0003.jpg 1024w, https:\/\/www.kks-forst.de\/wp-content\/uploads\/2024\/12\/IMG-20241216-WA0003-300x169.jpg 300w, https:\/\/www.kks-forst.de\/wp-content\/uploads\/2024\/12\/IMG-20241216-WA0003-768x432.jpg 768w\" sizes=\"auto, (max-width: 1024px) 100vw, 1024px\" \/><\/figure>\n\n\n\n<figure class=\"wp-block-gallery has-nested-images columns-default is-cropped wp-block-gallery-1 is-layout-flex wp-block-gallery-is-layout-flex\">\n<figure class=\"wp-block-image size-large\"><img loading=\"lazy\" decoding=\"async\" width=\"1024\" height=\"576\" data-id=\"1225\" src=\"https:\/\/www.kks-forst.de\/wp-content\/uploads\/2024\/12\/IMG-20241216-WA0004.jpg\" alt=\"\" class=\"wp-image-1225\" srcset=\"https:\/\/www.kks-forst.de\/wp-content\/uploads\/2024\/12\/IMG-20241216-WA0004.jpg 1024w, https:\/\/www.kks-forst.de\/wp-content\/uploads\/2024\/12\/IMG-20241216-WA0004-300x169.jpg 300w, https:\/\/www.kks-forst.de\/wp-content\/uploads\/2024\/12\/IMG-20241216-WA0004-768x432.jpg 768w\" sizes=\"auto, (max-width: 1024px) 100vw, 1024px\" \/><\/figure>\n<\/figure>\n","protected":false},"excerpt":{"rendered":"<p>Termine 2025 Neujahrschie\u00dfen 2025 01.01.2025 um 17.00 Uhr schie\u00dfen die B\u00f6llersch\u00fctzen am J\u00e4gerhaus in der Schwanenstr. in Forst einen Ehrensalut auf die Gemeinde Forst zum Neuen Jahr. Die B\u00f6llersch\u00fctzen werden von 6 Fackeltr\u00e4gerinnen begleitet. \u00dcber einen guten Zuspruch w\u00fcrden wir uns gemeinsam mit dem Heimat- und Kulturverein freuen. Brezelschie\u00dfen 2025 Am 06.01.2025 von 10.00 bis 12.00 Uhr veranstalten wir als<\/p>\n","protected":false},"author":1,"featured_media":0,"parent":0,"menu_order":0,"comment_status":"closed","ping_status":"closed","template":"template-slider.php","meta":{"footnotes":""},"class_list":["post-110","page","type-page","status-publish","hentry"],"_links":{"self":[{"href":"https:\/\/www.kks-forst.de\/index.php?rest_route=\/wp\/v2\/pages\/110","targetHints":{"allow":["GET"]}}],"collection":[{"href":"https:\/\/www.kks-forst.de\/index.php?rest_route=\/wp\/v2\/pages"}],"about":[{"href":"https:\/\/www.kks-forst.de\/index.php?rest_route=\/wp\/v2\/types\/page"}],"author":[{"embeddable":true,"href":"https:\/\/www.kks-forst.de\/index.php?rest_route=\/wp\/v2\/users\/1"}],"replies":[{"embeddable":true,"href":"https:\/\/www.kks-forst.de\/index.php?rest_route=%2Fwp%2Fv2%2Fcomments&post=110"}],"version-history":[{"count":5,"href":"https:\/\/www.kks-forst.de\/index.php?rest_route=\/wp\/v2\/pages\/110\/revisions"}],"predecessor-version":[{"id":1229,"href":"https:\/\/www.kks-forst.de\/index.php?rest_route=\/wp\/v2\/pages\/110\/revisions\/1229"}],"wp:attachment":[{"href":"https:\/\/www.kks-forst.de\/index.php?rest_route=%2Fwp%2Fv2%2Fmedia&parent=110"}],"curies":[{"name":"wp","href":"https:\/\/api.w.org\/{rel}","templated":true}]}}